{"id":122,"date":"2025-12-14T17:55:04","date_gmt":"2025-12-14T16:55:04","guid":{"rendered":"https:\/\/veronikabartosova.cz\/?page_id=122"},"modified":"2025-12-14T18:02:12","modified_gmt":"2025-12-14T17:02:12","slug":"blog","status":"publish","type":"page","link":"https:\/\/veronikabartosova.cz\/?page_id=122","title":{"rendered":"Hlavn\u00ed str\u00e1nka blogu &#8211; NEMAZAT! &#8211; Blog si pi\u0161 v sekci &#8222;P\u0159\u00edsp\u011bvky&#8220;!"},"content":{"rendered":"","protected":false},"excerpt":{"rendered":"","protected":false},"author":1,"featured_media":0,"parent":0,"menu_order":0,"comment_status":"closed","ping_status":"closed","template":"blog-sidebar","meta":{"footnotes":""},"class_list":["post-122","page","type-page","status-publish","hentry"],"_links":{"self":[{"href":"https:\/\/veronikabartosova.cz\/index.php?rest_route=\/wp\/v2\/pages\/122","targetHints":{"allow":["GET"]}}],"collection":[{"href":"https:\/\/veronikabartosova.cz\/index.php?rest_route=\/wp\/v2\/pages"}],"about":[{"href":"https:\/\/veronikabartosova.cz\/index.php?rest_route=\/wp\/v2\/types\/page"}],"author":[{"embeddable":true,"href":"https:\/\/veronikabartosova.cz\/index.php?rest_route=\/wp\/v2\/users\/1"}],"replies":[{"embeddable":true,"href":"https:\/\/veronikabartosova.cz\/index.php?rest_route=%2Fwp%2Fv2%2Fcomments&post=122"}],"version-history":[{"count":4,"href":"https:\/\/veronikabartosova.cz\/index.php?rest_route=\/wp\/v2\/pages\/122\/revisions"}],"predecessor-version":[{"id":146,"href":"https:\/\/veronikabartosova.cz\/index.php?rest_route=\/wp\/v2\/pages\/122\/revisions\/146"}],"wp:attachment":[{"href":"https:\/\/veronikabartosova.cz\/index.php?rest_route=%2Fwp%2Fv2%2Fmedia&parent=122"}],"curies":[{"name":"wp","href":"https:\/\/api.w.org\/{rel}","templated":true}]}}